{"id":69,"date":"2021-11-24T17:46:43","date_gmt":"2021-11-24T16:46:43","guid":{"rendered":"http:\/\/spiclub.fr\/?page_id=69"},"modified":"2025-11-02T16:42:18","modified_gmt":"2025-11-02T15:42:18","slug":"abonnement","status":"publish","type":"page","link":"https:\/\/spiclub.fr\/index.php\/abonnement\/","title":{"rendered":"Adhesion"},"content":{"rendered":"\n<p>Il y a plusieurs tarifs, selon vos besoins. Depuis l&#8217;ann\u00e9e 2023-2024, nous avons d\u00e9cid\u00e9s d&#8217;inviter le plus de nouveaux membres possibles en proposant un tarif unique de 60\u20ac.  Il y a toujours un tarif d\u00e9couverte commen\u00e7ant a 30\u20ac, mais, sauf dans le cas ou vous savez vouloir sortir au maximum 1-2 fois dans l&#8217;ann\u00e9e, le tarif de base est plus interessant:<\/p>\n\n\n\n<ul><li>Tarif de base: 60\u20ac<\/li><li>Tarif d\u00e9couverte (jusqu&#8217;a 4 sorties): 10\u20ac + 20\u20ac\/sortie<\/li><\/ul>\n\n\n\n<p>Vous pouvez t\u00e9l\u00e9charger la formulaire d&#8217;abonnement ci-dessous<\/p>\n\n\n\n<div class=\"wp-block-file\"><object class=\"wp-block-file__embed\" data=\"https:\/\/spiclub.fr\/wp-content\/uploads\/2025\/11\/SpiClub_Adhesion_2025-6.pdf\" type=\"application\/pdf\" style=\"width:100%;height:600px\" aria-label=\"Embed of SpiClub_Adhesion_2025-6.\"><\/object><a href=\"https:\/\/spiclub.fr\/wp-content\/uploads\/2025\/11\/SpiClub_Adhesion_2025-6.pdf\">SpiClub_Adhesion_2025-6<\/a><a href=\"https:\/\/spiclub.fr\/wp-content\/uploads\/2025\/11\/SpiClub_Adhesion_2025-6.pdf\" class=\"wp-block-file__button\" download>Download<\/a><\/div>\n","protected":false},"excerpt":{"rendered":"<p>Il y a plusieurs tarifs, selon vos besoins. Depuis l&#8217;ann\u00e9e 2023-2024, nous avons d\u00e9cid\u00e9s d&#8217;inviter le plus de nouveaux membres possibles en proposant un tarif unique de 60\u20ac. Il y a toujours un tarif d\u00e9couverte commen\u00e7ant a 30\u20ac, mais, sauf dans le cas ou vous savez vouloir sortir au maximum 1-2 fois dans l&#8217;ann\u00e9e, le&hellip; <a class=\"more-link\" href=\"https:\/\/spiclub.fr\/index.php\/abonnement\/\">Continue reading <span class=\"screen-reader-text\">Adhesion<\/span><\/a><\/p>\n","protected":false},"author":1,"featured_media":0,"parent":0,"menu_order":0,"comment_status":"closed","ping_status":"closed","template":"","meta":[],"_links":{"self":[{"href":"https:\/\/spiclub.fr\/index.php\/wp-json\/wp\/v2\/pages\/69"}],"collection":[{"href":"https:\/\/spiclub.fr\/index.php\/wp-json\/wp\/v2\/pages"}],"about":[{"href":"https:\/\/spiclub.fr\/index.php\/wp-json\/wp\/v2\/types\/page"}],"author":[{"embeddable":true,"href":"https:\/\/spiclub.fr\/index.php\/wp-json\/wp\/v2\/users\/1"}],"replies":[{"embeddable":true,"href":"https:\/\/spiclub.fr\/index.php\/wp-json\/wp\/v2\/comments?post=69"}],"version-history":[{"count":7,"href":"https:\/\/spiclub.fr\/index.php\/wp-json\/wp\/v2\/pages\/69\/revisions"}],"predecessor-version":[{"id":96,"href":"https:\/\/spiclub.fr\/index.php\/wp-json\/wp\/v2\/pages\/69\/revisions\/96"}],"wp:attachment":[{"href":"https:\/\/spiclub.fr\/index.php\/wp-json\/wp\/v2\/media?parent=69"}],"curies":[{"name":"wp","href":"https:\/\/api.w.org\/{rel}","templated":true}]}}