{"id":8,"date":"2021-11-24T13:16:07","date_gmt":"2021-11-24T12:16:07","guid":{"rendered":"http:\/\/spiclub.fr\/?page_id=8"},"modified":"2021-11-24T17:58:19","modified_gmt":"2021-11-24T16:58:19","slug":"accueil","status":"publish","type":"page","link":"https:\/\/spiclub.fr\/","title":{"rendered":"Accueil"},"content":{"rendered":"\n<figure class=\"wp-block-image size-large\"><img loading=\"lazy\" width=\"1024\" height=\"678\" src=\"http:\/\/spiclub.fr\/wp-content\/uploads\/2021\/11\/IMGP0024-1024x678.jpg\" alt=\"SpireTwo au port\" class=\"wp-image-43\" srcset=\"https:\/\/spiclub.fr\/wp-content\/uploads\/2021\/11\/IMGP0024-1024x678.jpg 1024w, https:\/\/spiclub.fr\/wp-content\/uploads\/2021\/11\/IMGP0024-300x199.jpg 300w, https:\/\/spiclub.fr\/wp-content\/uploads\/2021\/11\/IMGP0024-768x509.jpg 768w, https:\/\/spiclub.fr\/wp-content\/uploads\/2021\/11\/IMGP0024-1536x1017.jpg 1536w, https:\/\/spiclub.fr\/wp-content\/uploads\/2021\/11\/IMGP0024-2048x1356.jpg 2048w\" sizes=\"(max-width: 1024px) 100vw, 1024px\" \/><\/figure>\n\n\n\n<p>Bienvenue au seul club de voile loisirs de La Rochelle. Le SPI-CLUB LA ROCHELLE (ou SPICLUB) est une association ind\u00e9pendante. Elle est accessible \u00e0 tous pour venir naviguer en toute tranquilit\u00e9 !<\/p>\n\n\n\n<p>Elle permet aux amoureux de la voile, s\u2019ils le souhaitent, de venir naviguer toute l\u2019ann\u00e9e entre les \u00eeles de La Rochelle et au del\u00e0. Que ce soit sur d\u00e9riveurs l\u00e9gers (lasers, 420,&nbsp;\u2026 et catamarans) ou sur habitables (8 \u00e0 12m), le Spi-Club r\u00e9pond \u00e0 toutes les envies !<\/p>\n\n\n\n<p>Alors d\u00e9butant(e) ou confirm\u00e9(e), venez nous rejoindre !<br>Depuis 20 ans, le Spi-Club propose de naviguer en \u00ab&nbsp;loisirs&nbsp;\u00bb pendant une journ\u00e9e ou un week-end et de profiter de pique-nique et autres belles aventures sur l\u2019eau\u2026<\/p>\n\n\n\n<ul><li>voile l\u00e9g\u00e8re: 2 Lasers, Dart 16, 420, d\u00e9riveurs propri\u00e9taires.<\/li><li>croisi\u00e8re: Symphonie 9,50m (5 couchettes), quillards propri\u00e9taires<\/li><\/ul>\n\n\n\n<p>Formules adapt\u00e9es \u00e0 chacun : <a href=\"http:\/\/spiclub.fr\/index.php\/abonnement\/\" data-type=\"page\" data-id=\"69\">Adhesion <\/a>\u00e0 la journ\u00e9e ou \u00e0 l&#8217;ann\u00e9e<\/p>\n\n\n\n<p>Merci de prendre contact par email : <a rel=\"noreferrer noopener\" href=\"mailto:contact@spiclub.fr\" target=\"_blank\">contact@spiclub.fr<\/a><\/p>\n","protected":false},"excerpt":{"rendered":"<p>Bienvenue au seul club de voile loisirs de La Rochelle. Le SPI-CLUB LA ROCHELLE (ou SPICLUB) est une association ind\u00e9pendante. Elle est accessible \u00e0 tous pour venir naviguer en toute tranquilit\u00e9 ! Elle permet aux amoureux de la voile, s\u2019ils le souhaitent, de venir naviguer toute l\u2019ann\u00e9e entre les \u00eeles de La Rochelle et au&hellip; <a class=\"more-link\" href=\"https:\/\/spiclub.fr\/\">Continue reading <span class=\"screen-reader-text\">Accueil<\/span><\/a><\/p>\n","protected":false},"author":1,"featured_media":0,"parent":0,"menu_order":0,"comment_status":"closed","ping_status":"closed","template":"","meta":[],"_links":{"self":[{"href":"https:\/\/spiclub.fr\/index.php\/wp-json\/wp\/v2\/pages\/8"}],"collection":[{"href":"https:\/\/spiclub.fr\/index.php\/wp-json\/wp\/v2\/pages"}],"about":[{"href":"https:\/\/spiclub.fr\/index.php\/wp-json\/wp\/v2\/types\/page"}],"author":[{"embeddable":true,"href":"https:\/\/spiclub.fr\/index.php\/wp-json\/wp\/v2\/users\/1"}],"replies":[{"embeddable":true,"href":"https:\/\/spiclub.fr\/index.php\/wp-json\/wp\/v2\/comments?post=8"}],"version-history":[{"count":9,"href":"https:\/\/spiclub.fr\/index.php\/wp-json\/wp\/v2\/pages\/8\/revisions"}],"predecessor-version":[{"id":77,"href":"https:\/\/spiclub.fr\/index.php\/wp-json\/wp\/v2\/pages\/8\/revisions\/77"}],"wp:attachment":[{"href":"https:\/\/spiclub.fr\/index.php\/wp-json\/wp\/v2\/media?parent=8"}],"curies":[{"name":"wp","href":"https:\/\/api.w.org\/{rel}","templated":true}]}}