{"id":9,"date":"2021-11-24T13:16:07","date_gmt":"2021-11-24T12:16:07","guid":{"rendered":"http:\/\/spiclub.fr\/?page_id=9"},"modified":"2021-11-24T17:33:14","modified_gmt":"2021-11-24T16:33:14","slug":"a-propos-de","status":"publish","type":"page","link":"https:\/\/spiclub.fr\/index.php\/a-propos-de\/","title":{"rendered":"\u00c0 propos de"},"content":{"rendered":"\n<p>L\u2019esprit du club se r\u00e9sume dans son slogan :<\/p>\n\n\n\n<h4>A CHACUN SA VOILE\u2026<\/h4>\n\n\n\n<p>Chacun s\u2019investit comme il le veut et comme il le peut. Pas de \u00ab&nbsp;consommateurs&nbsp;\u00bb mais des adh\u00e9rents qui \u00ab&nbsp;font&nbsp;\u00bb la vie de l\u2019association, proposent des activit\u00e9s et participent aux d\u00e9cisions.<\/p>\n\n\n\n<p>Ca marche plut\u00f4t bien, et on y prend go\u00fbt !<\/p>\n\n\n\n<p>Notre principal objectif est de vous faire d\u00e9couvrir ou red\u00e9couvrir la voile en partageant notre amour mutuel de la mer dans un esprit sans contrainte. Une bonne ambiance est synonyme de club \u00e0 l\u2019ann\u00e9e.<\/p>\n\n\n\n<h4>On navigue autant de fois que l\u2019on d\u00e9sire, simplement pour le plaisir&nbsp; :<\/h4>\n\n\n\n<p>Le plan d\u2019eau de La Rochelle nous attend pour la d\u00e9tente et la ma\u00eetrise progressive de la voile. Born\u00e9 par les \u00eeles d\u2019Aix, Ol\u00e9ron et R\u00e9, il est abrit\u00e9 des vagues oc\u00e9aniques et la navigation reste agr\u00e9able m\u00eame quand les conditions de mer et de vent deviennent soutenues \u00e0 l\u2019ext\u00e9rieur de la zone des pertuis. Il offre de nombreuses destinations pleines de charme : Rochefort apr\u00e8s la remont\u00e9e de la Charente, l\u2019\u00eele d\u2019Aix et Fort Boyard, les ports de l\u2019\u2019\u00eele d\u2019Ol\u00e9ron (Boyarville, St Denis\u2026) ou de l\u2019\u00eele de R\u00e9 (La Flotte, St Martin, Ars et le Fier\u2026).&nbsp;<\/p>\n\n\n\n<h4>Apr\u00e8s la \u00ab&nbsp;nav&nbsp;\u00bb, il y a aussi une vie :&nbsp;<\/h4>\n\n\n\n<p>pique-nique, repas, soir\u00e9es, f\u00eates\u2026<br>bref, le r\u00eave \u00e0 la port\u00e9e de tous !<\/p>\n","protected":false},"excerpt":{"rendered":"<p>L\u2019esprit du club se r\u00e9sume dans son slogan : A CHACUN SA VOILE\u2026 Chacun s\u2019investit comme il le veut et comme il le peut. Pas de \u00ab&nbsp;consommateurs&nbsp;\u00bb mais des adh\u00e9rents qui \u00ab&nbsp;font&nbsp;\u00bb la vie de l\u2019association, proposent des activit\u00e9s et participent aux d\u00e9cisions. Ca marche plut\u00f4t bien, et on y prend go\u00fbt ! Notre principal&hellip; <a class=\"more-link\" href=\"https:\/\/spiclub.fr\/index.php\/a-propos-de\/\">Continue reading <span class=\"screen-reader-text\">\u00c0 propos de<\/span><\/a><\/p>\n","protected":false},"author":1,"featured_media":53,"parent":0,"menu_order":0,"comment_status":"closed","ping_status":"closed","template":"","meta":[],"_links":{"self":[{"href":"https:\/\/spiclub.fr\/index.php\/wp-json\/wp\/v2\/pages\/9"}],"collection":[{"href":"https:\/\/spiclub.fr\/index.php\/wp-json\/wp\/v2\/pages"}],"about":[{"href":"https:\/\/spiclub.fr\/index.php\/wp-json\/wp\/v2\/types\/page"}],"author":[{"embeddable":true,"href":"https:\/\/spiclub.fr\/index.php\/wp-json\/wp\/v2\/users\/1"}],"replies":[{"embeddable":true,"href":"https:\/\/spiclub.fr\/index.php\/wp-json\/wp\/v2\/comments?post=9"}],"version-history":[{"count":3,"href":"https:\/\/spiclub.fr\/index.php\/wp-json\/wp\/v2\/pages\/9\/revisions"}],"predecessor-version":[{"id":67,"href":"https:\/\/spiclub.fr\/index.php\/wp-json\/wp\/v2\/pages\/9\/revisions\/67"}],"wp:featuredmedia":[{"embeddable":true,"href":"https:\/\/spiclub.fr\/index.php\/wp-json\/wp\/v2\/media\/53"}],"wp:attachment":[{"href":"https:\/\/spiclub.fr\/index.php\/wp-json\/wp\/v2\/media?parent=9"}],"curies":[{"name":"wp","href":"https:\/\/api.w.org\/{rel}","templated":true}]}}